{"id":34,"date":"2024-06-24T09:51:55","date_gmt":"2024-06-24T12:51:55","guid":{"rendered":"https:\/\/radiocidadefmonline.com.br\/home\/?page_id=34"},"modified":"2025-11-13T18:13:13","modified_gmt":"2025-11-13T21:13:13","slug":"equipe","status":"publish","type":"page","link":"https:\/\/radiocidadefmonline.com.br\/home\/equipe\/","title":{"rendered":"Equipe"},"content":{"rendered":"\t\t<div data-elementor-type=\"wp-page\" data-elementor-id=\"34\" class=\"elementor elementor-34\" data-elementor-post-type=\"page\">\n\t\t\t\t<div class=\"elementor-element elementor-element-6067059f e-con-full e-flex e-con e-parent\" data-id=\"6067059f\" data-element_type=\"container\" data-settings=\"{&quot;background_background&quot;:&quot;classic&quot;}\">\n\t\t<div class=\"elementor-element elementor-element-7bd377f1 e-con-full e-flex e-con e-child\" data-id=\"7bd377f1\" data-element_type=\"container\" data-settings=\"{&quot;background_background&quot;:&quot;classic&quot;}\">\n\t\t\t\t<div class=\"elementor-element elementor-element-37c9e943 elementor-widget elementor-widget-heading\" data-id=\"37c9e943\" data-element_type=\"widget\" data-widget_type=\"heading.default\">\n\t\t\t\t<div class=\"elementor-widget-container\">\n\t\t\t\t\t<h2 class=\"elementor-heading-title elementor-size-default\">Equipe<\/h2>\t\t\t\t<\/div>\n\t\t\t\t<\/div>\n\t\t\t\t<div class=\"elementor-element elementor-element-72b9d4ad elementor-shape-circle elementor-grid-0 e-grid-align-center elementor-widget elementor-widget-social-icons\" data-id=\"72b9d4ad\" data-element_type=\"widget\" data-widget_type=\"social-icons.default\">\n\t\t\t\t<div class=\"elementor-widget-container\">\n\t\t\t\t\t\t\t<div class=\"elementor-social-icons-wrapper elementor-grid\" role=\"list\">\n\t\t\t\t\t\t\t<span class=\"elementor-grid-item\" role=\"listitem\">\n\t\t\t\t\t<a class=\"elementor-icon elementor-social-icon elementor-social-icon-facebook elementor-repeater-item-9461092\" target=\"_blank\">\n\t\t\t\t\t\t<span class=\"elementor-screen-only\">Facebook<\/span>\n\t\t\t\t\t\t<svg aria-hidden=\"true\" class=\"e-font-icon-svg e-fab-facebook\" viewBox=\"0 0 512 512\" xmlns=\"http:\/\/www.w3.org\/2000\/svg\"><path d=\"M504 256C504 119 393 8 256 8S8 119 8 256c0 123.78 90.69 226.38 209.25 245V327.69h-63V256h63v-54.64c0-62.15 37-96.48 93.67-96.48 27.14 0 55.52 4.84 55.52 4.84v61h-31.28c-30.8 0-40.41 19.12-40.41 38.73V256h68.78l-11 71.69h-57.78V501C413.31 482.38 504 379.78 504 256z\"><\/path><\/svg>\t\t\t\t\t<\/a>\n\t\t\t\t<\/span>\n\t\t\t\t\t\t\t<span class=\"elementor-grid-item\" role=\"listitem\">\n\t\t\t\t\t<a class=\"elementor-icon elementor-social-icon elementor-social-icon-twitter elementor-repeater-item-7ec0f7a\" target=\"_blank\">\n\t\t\t\t\t\t<span class=\"elementor-screen-only\">Twitter<\/span>\n\t\t\t\t\t\t<svg aria-hidden=\"true\" class=\"e-font-icon-svg e-fab-twitter\" viewBox=\"0 0 512 512\" xmlns=\"http:\/\/www.w3.org\/2000\/svg\"><path d=\"M459.37 151.716c.325 4.548.325 9.097.325 13.645 0 138.72-105.583 298.558-298.558 298.558-59.452 0-114.68-17.219-161.137-47.106 8.447.974 16.568 1.299 25.34 1.299 49.055 0 94.213-16.568 130.274-44.832-46.132-.975-84.792-31.188-98.112-72.772 6.498.974 12.995 1.624 19.818 1.624 9.421 0 18.843-1.3 27.614-3.573-48.081-9.747-84.143-51.98-84.143-102.985v-1.299c13.969 7.797 30.214 12.67 47.431 13.319-28.264-18.843-46.781-51.005-46.781-87.391 0-19.492 5.197-37.36 14.294-52.954 51.655 63.675 129.3 105.258 216.365 109.807-1.624-7.797-2.599-15.918-2.599-24.04 0-57.828 46.782-104.934 104.934-104.934 30.213 0 57.502 12.67 76.67 33.137 23.715-4.548 46.456-13.32 66.599-25.34-7.798 24.366-24.366 44.833-46.132 57.827 21.117-2.273 41.584-8.122 60.426-16.243-14.292 20.791-32.161 39.308-52.628 54.253z\"><\/path><\/svg>\t\t\t\t\t<\/a>\n\t\t\t\t<\/span>\n\t\t\t\t\t\t\t<span class=\"elementor-grid-item\" role=\"listitem\">\n\t\t\t\t\t<a class=\"elementor-icon elementor-social-icon elementor-social-icon-youtube elementor-repeater-item-130d31f\" target=\"_blank\">\n\t\t\t\t\t\t<span class=\"elementor-screen-only\">Youtube<\/span>\n\t\t\t\t\t\t<svg aria-hidden=\"true\" class=\"e-font-icon-svg e-fab-youtube\" viewBox=\"0 0 576 512\" xmlns=\"http:\/\/www.w3.org\/2000\/svg\"><path d=\"M549.655 124.083c-6.281-23.65-24.787-42.276-48.284-48.597C458.781 64 288 64 288 64S117.22 64 74.629 75.486c-23.497 6.322-42.003 24.947-48.284 48.597-11.412 42.867-11.412 132.305-11.412 132.305s0 89.438 11.412 132.305c6.281 23.65 24.787 41.5 48.284 47.821C117.22 448 288 448 288 448s170.78 0 213.371-11.486c23.497-6.321 42.003-24.171 48.284-47.821 11.412-42.867 11.412-132.305 11.412-132.305s0-89.438-11.412-132.305zm-317.51 213.508V175.185l142.739 81.205-142.739 81.201z\"><\/path><\/svg>\t\t\t\t\t<\/a>\n\t\t\t\t<\/span>\n\t\t\t\t\t\t\t<span class=\"elementor-grid-item\" role=\"listitem\">\n\t\t\t\t\t<a class=\"elementor-icon elementor-social-icon elementor-social-icon-whatsapp elementor-repeater-item-ae89060\" target=\"_blank\">\n\t\t\t\t\t\t<span class=\"elementor-screen-only\">Whatsapp<\/span>\n\t\t\t\t\t\t<svg aria-hidden=\"true\" class=\"e-font-icon-svg e-fab-whatsapp\" viewBox=\"0 0 448 512\" xmlns=\"http:\/\/www.w3.org\/2000\/svg\"><path d=\"M380.9 97.1C339 55.1 283.2 32 223.9 32c-122.4 0-222 99.6-222 222 0 39.1 10.2 77.3 29.6 111L0 480l117.7-30.9c32.4 17.7 68.9 27 106.1 27h.1c122.3 0 224.1-99.6 224.1-222 0-59.3-25.2-115-67.1-157zm-157 341.6c-33.2 0-65.7-8.9-94-25.7l-6.7-4-69.8 18.3L72 359.2l-4.4-7c-18.5-29.4-28.2-63.3-28.2-98.2 0-101.7 82.8-184.5 184.6-184.5 49.3 0 95.6 19.2 130.4 54.1 34.8 34.9 56.2 81.2 56.1 130.5 0 101.8-84.9 184.6-186.6 184.6zm101.2-138.2c-5.5-2.8-32.8-16.2-37.9-18-5.1-1.9-8.8-2.8-12.5 2.8-3.7 5.6-14.3 18-17.6 21.8-3.2 3.7-6.5 4.2-12 1.4-32.6-16.3-54-29.1-75.5-66-5.7-9.8 5.7-9.1 16.3-30.3 1.8-3.7.9-6.9-.5-9.7-1.4-2.8-12.5-30.1-17.1-41.2-4.5-10.8-9.1-9.3-12.5-9.5-3.2-.2-6.9-.2-10.6-.2-3.7 0-9.7 1.4-14.8 6.9-5.1 5.6-19.4 19-19.4 46.3 0 27.3 19.9 53.7 22.6 57.4 2.8 3.7 39.1 59.7 94.8 83.8 35.2 15.2 49 16.5 66.6 13.9 10.7-1.6 32.8-13.4 37.4-26.4 4.6-13 4.6-24.1 3.2-26.4-1.3-2.5-5-3.9-10.5-6.6z\"><\/path><\/svg>\t\t\t\t\t<\/a>\n\t\t\t\t<\/span>\n\t\t\t\t\t<\/div>\n\t\t\t\t\t\t<\/div>\n\t\t\t\t<\/div>\n\t\t\t\t<div class=\"elementor-element elementor-element-64514ec8 elementor-widget elementor-widget-facebook-button\" data-id=\"64514ec8\" data-element_type=\"widget\" data-widget_type=\"facebook-button.default\">\n\t\t\t\t<div class=\"elementor-widget-container\">\n\t\t\t\t\t\t\t<div data-layout=\"standard\" data-colorscheme=\"light\" data-size=\"small\" data-show-faces=\"false\" class=\"elementor-facebook-widget fb-like\" data-href=\"https:\/\/radiocidadefmonline.com.br\/home?p=34\" data-share=\"false\" data-action=\"like\"><\/div>\n\t\t\t\t\t\t<\/div>\n\t\t\t\t<\/div>\n\t\t\t\t<div class=\"elementor-element elementor-element-27d2bf6a elementor-widget elementor-widget-facebook-comments\" data-id=\"27d2bf6a\" data-element_type=\"widget\" data-widget_type=\"facebook-comments.default\">\n\t\t\t\t<div class=\"elementor-widget-container\">\n\t\t\t\t\t\t\t<div class=\"elementor-facebook-widget fb-comments\" data-href=\"https:\/\/radiocidadefmonline.com.br\/home?p=34\" data-width=\"100%\" data-numposts=\"10\" data-order-by=\"social\" style=\"min-height: 1px\"><\/div>\n\t\t\t\t\t\t<\/div>\n\t\t\t\t<\/div>\n\t\t\t\t<div class=\"elementor-element elementor-element-f5810d9 elementor-widget elementor-widget-heading\" data-id=\"f5810d9\" data-element_type=\"widget\" data-widget_type=\"heading.default\">\n\t\t\t\t<div class=\"elementor-widget-container\">\n\t\t\t\t\t<h2 class=\"elementor-heading-title elementor-size-default\">Leia Mais<\/h2>\t\t\t\t<\/div>\n\t\t\t\t<\/div>\n\t\t\t\t<div class=\"elementor-element elementor-element-72f586b3 elementor-grid-4 elementor-grid-tablet-2 elementor-grid-mobile-1 elementor-posts--thumbnail-top elementor-widget elementor-widget-posts\" data-id=\"72f586b3\" data-element_type=\"widget\" data-settings=\"{&quot;classic_columns&quot;:&quot;4&quot;,&quot;classic_columns_tablet&quot;:&quot;2&quot;,&quot;classic_columns_mobile&quot;:&quot;1&quot;,&quot;classic_row_gap&quot;:{&quot;unit&quot;:&quot;px&quot;,&quot;size&quot;:35,&quot;sizes&quot;:[]},&quot;classic_row_gap_tablet&quot;:{&quot;unit&quot;:&quot;px&quot;,&quot;size&quot;:&quot;&quot;,&quot;sizes&quot;:[]},&quot;classic_row_gap_mobile&quot;:{&quot;unit&quot;:&quot;px&quot;,&quot;size&quot;:&quot;&quot;,&quot;sizes&quot;:[]}}\" data-widget_type=\"posts.classic\">\n\t\t\t\t<div class=\"elementor-widget-container\">\n\t\t\t\t\t\t\t<div class=\"elementor-posts-container elementor-posts elementor-posts--skin-classic elementor-grid\">\n\t\t\t\t<article class=\"elementor-post elementor-grid-item post-3825 post type-post status-publish format-standard has-post-thumbnail hentry category-noticias\">\n\t\t\t\t<a class=\"elementor-post__thumbnail__link\" href=\"https:\/\/radiocidadefmonline.com.br\/home\/apos-roles-com-bruna-marquezine-shawn-mendes-e-visto-no-aeroporto-nesta-quarta-17-qual-o-destino-agora\/\" tabindex=\"-1\" >\n\t\t\t<div class=\"elementor-post__thumbnail\"><img fetchpriority=\"high\" decoding=\"async\" width=\"300\" height=\"226\" src=\"https:\/\/radiocidadefmonline.com.br\/home\/wp-content\/uploads\/2025\/12\/Apos-roles-com-Bruna-Marquezine-Shawn-Mendes-e-visto-no-300x226.jpg\" class=\"attachment-medium size-medium wp-image-3826\" alt=\"Ap\u00f3s rol\u00eas com Bruna Marquezine, Shawn Mendes \u00e9 visto no aeroporto nesta quarta (17). Qual o destino agora?\" srcset=\"https:\/\/radiocidadefmonline.com.br\/home\/wp-content\/uploads\/2025\/12\/Apos-roles-com-Bruna-Marquezine-Shawn-Mendes-e-visto-no-300x226.jpg 300w, https:\/\/radiocidadefmonline.com.br\/home\/wp-content\/uploads\/2025\/12\/Apos-roles-com-Bruna-Marquezine-Shawn-Mendes-e-visto-no-1024x770.jpg 1024w, https:\/\/radiocidadefmonline.com.br\/home\/wp-content\/uploads\/2025\/12\/Apos-roles-com-Bruna-Marquezine-Shawn-Mendes-e-visto-no-768x577.jpg 768w, https:\/\/radiocidadefmonline.com.br\/home\/wp-content\/uploads\/2025\/12\/Apos-roles-com-Bruna-Marquezine-Shawn-Mendes-e-visto-no.jpg 1200w\" sizes=\"(max-width: 300px) 100vw, 300px\" \/><\/div>\n\t\t<\/a>\n\t\t\t\t<div class=\"elementor-post__text\">\n\t\t\t\t<h3 class=\"elementor-post__title\">\n\t\t\t<a href=\"https:\/\/radiocidadefmonline.com.br\/home\/apos-roles-com-bruna-marquezine-shawn-mendes-e-visto-no-aeroporto-nesta-quarta-17-qual-o-destino-agora\/\" >\n\t\t\t\tAp\u00f3s rol\u00eas com Bruna Marquezine, Shawn Mendes \u00e9 visto no aeroporto nesta quarta (17). Qual o destino agora?\t\t\t<\/a>\n\t\t<\/h3>\n\t\t\t\t<\/div>\n\t\t\t\t<\/article>\n\t\t\t\t<article class=\"elementor-post elementor-grid-item post-4014 post type-post status-publish format-standard has-post-thumbnail hentry category-noticias\">\n\t\t\t\t<a class=\"elementor-post__thumbnail__link\" href=\"https:\/\/radiocidadefmonline.com.br\/home\/quem-e-lewis-capaldi-destaque-do-line-up-do-lollapalloza-em-2026\/\" tabindex=\"-1\" >\n\t\t\t<div class=\"elementor-post__thumbnail\"><img decoding=\"async\" width=\"300\" height=\"226\" src=\"https:\/\/radiocidadefmonline.com.br\/home\/wp-content\/uploads\/2026\/02\/Quem-e-Lewis-Capaldi-destaque-do-line-up-do-Lollapalloza-em-300x226.jpg\" class=\"attachment-medium size-medium wp-image-4015\" alt=\"Quem \u00e9 Lewis Capaldi, destaque do line-up do Lollapalloza em 2026?\" srcset=\"https:\/\/radiocidadefmonline.com.br\/home\/wp-content\/uploads\/2026\/02\/Quem-e-Lewis-Capaldi-destaque-do-line-up-do-Lollapalloza-em-300x226.jpg 300w, https:\/\/radiocidadefmonline.com.br\/home\/wp-content\/uploads\/2026\/02\/Quem-e-Lewis-Capaldi-destaque-do-line-up-do-Lollapalloza-em-1024x770.jpg 1024w, https:\/\/radiocidadefmonline.com.br\/home\/wp-content\/uploads\/2026\/02\/Quem-e-Lewis-Capaldi-destaque-do-line-up-do-Lollapalloza-em-768x577.jpg 768w, https:\/\/radiocidadefmonline.com.br\/home\/wp-content\/uploads\/2026\/02\/Quem-e-Lewis-Capaldi-destaque-do-line-up-do-Lollapalloza-em.jpg 1200w\" sizes=\"(max-width: 300px) 100vw, 300px\" \/><\/div>\n\t\t<\/a>\n\t\t\t\t<div class=\"elementor-post__text\">\n\t\t\t\t<h3 class=\"elementor-post__title\">\n\t\t\t<a href=\"https:\/\/radiocidadefmonline.com.br\/home\/quem-e-lewis-capaldi-destaque-do-line-up-do-lollapalloza-em-2026\/\" >\n\t\t\t\tQuem \u00e9 Lewis Capaldi, destaque do line-up do Lollapalloza em 2026?\t\t\t<\/a>\n\t\t<\/h3>\n\t\t\t\t<\/div>\n\t\t\t\t<\/article>\n\t\t\t\t<article class=\"elementor-post elementor-grid-item post-3840 post type-post status-publish format-standard has-post-thumbnail hentry category-noticias-da-hot97-fm\">\n\t\t\t\t<a class=\"elementor-post__thumbnail__link\" href=\"https:\/\/radiocidadefmonline.com.br\/home\/ray-j-reage-a-ordem-de-restricao-que-impede-o-contato-com-seus-filhos\/\" tabindex=\"-1\" >\n\t\t\t<div class=\"elementor-post__thumbnail\"><img decoding=\"async\" width=\"300\" height=\"246\" src=\"https:\/\/radiocidadefmonline.com.br\/home\/wp-content\/uploads\/2025\/12\/Ray-J-reage-a-ordem-de-restricao-que-impede-o-300x246.jpg\" class=\"attachment-medium size-medium wp-image-3841\" alt=\"Ray J reage \u00e0 ordem de restri\u00e7\u00e3o que impede o contato com seus filhos\" srcset=\"https:\/\/radiocidadefmonline.com.br\/home\/wp-content\/uploads\/2025\/12\/Ray-J-reage-a-ordem-de-restricao-que-impede-o-300x246.jpg 300w, https:\/\/radiocidadefmonline.com.br\/home\/wp-content\/uploads\/2025\/12\/Ray-J-reage-a-ordem-de-restricao-que-impede-o-768x629.jpg 768w, https:\/\/radiocidadefmonline.com.br\/home\/wp-content\/uploads\/2025\/12\/Ray-J-reage-a-ordem-de-restricao-que-impede-o.jpg 1024w\" sizes=\"(max-width: 300px) 100vw, 300px\" \/><\/div>\n\t\t<\/a>\n\t\t\t\t<div class=\"elementor-post__text\">\n\t\t\t\t<h3 class=\"elementor-post__title\">\n\t\t\t<a href=\"https:\/\/radiocidadefmonline.com.br\/home\/ray-j-reage-a-ordem-de-restricao-que-impede-o-contato-com-seus-filhos\/\" >\n\t\t\t\tRay J reage \u00e0 ordem de restri\u00e7\u00e3o que impede o contato com seus filhos\t\t\t<\/a>\n\t\t<\/h3>\n\t\t\t\t<\/div>\n\t\t\t\t<\/article>\n\t\t\t\t<article class=\"elementor-post elementor-grid-item post-4108 post type-post status-publish format-standard has-post-thumbnail hentry category-billboard-news\">\n\t\t\t\t<a class=\"elementor-post__thumbnail__link\" href=\"https:\/\/radiocidadefmonline.com.br\/home\/olivia-dean-man-i-need-e-o-terceiro-single-com-reinado-mais-longo-na-australia\/\" tabindex=\"-1\" >\n\t\t\t<div class=\"elementor-post__thumbnail\"><img loading=\"lazy\" decoding=\"async\" width=\"300\" height=\"200\" src=\"https:\/\/radiocidadefmonline.com.br\/home\/wp-content\/uploads\/2026\/03\/Olivia-Dean-Man-I-Need-e-o-terceiro-single-com-300x200.jpg\" class=\"attachment-medium size-medium wp-image-4109\" alt=\"Olivia Dean &#039;Man I Need&#039; \u00e9 o terceiro single com reinado mais longo na Austr\u00e1lia\" srcset=\"https:\/\/radiocidadefmonline.com.br\/home\/wp-content\/uploads\/2026\/03\/Olivia-Dean-Man-I-Need-e-o-terceiro-single-com-300x200.jpg 300w, https:\/\/radiocidadefmonline.com.br\/home\/wp-content\/uploads\/2026\/03\/Olivia-Dean-Man-I-Need-e-o-terceiro-single-com-768x512.jpg 768w, https:\/\/radiocidadefmonline.com.br\/home\/wp-content\/uploads\/2026\/03\/Olivia-Dean-Man-I-Need-e-o-terceiro-single-com.jpg 1024w\" sizes=\"(max-width: 300px) 100vw, 300px\" \/><\/div>\n\t\t<\/a>\n\t\t\t\t<div class=\"elementor-post__text\">\n\t\t\t\t<h3 class=\"elementor-post__title\">\n\t\t\t<a href=\"https:\/\/radiocidadefmonline.com.br\/home\/olivia-dean-man-i-need-e-o-terceiro-single-com-reinado-mais-longo-na-australia\/\" >\n\t\t\t\tOlivia Dean &#8216;Man I Need&#8217; \u00e9 o terceiro single com reinado mais longo na Austr\u00e1lia\t\t\t<\/a>\n\t\t<\/h3>\n\t\t\t\t<\/div>\n\t\t\t\t<\/article>\n\t\t\t\t<\/div>\n\t\t\n\t\t\t\t\t\t<\/div>\n\t\t\t\t<\/div>\n\t\t\t\t<\/div>\n\t\t<div class=\"elementor-element elementor-element-59d5e258 e-con-full e-flex e-con e-child\" data-id=\"59d5e258\" data-element_type=\"container\">\n\t\t\t\t<div class=\"elementor-element elementor-element-568a3951 elementor-grid-2 elementor-grid-tablet-2 elementor-grid-mobile-1 elementor-posts--thumbnail-top elementor-card-shadow-yes elementor-posts__hover-gradient elementor-widget elementor-widget-posts\" data-id=\"568a3951\" data-element_type=\"widget\" data-settings=\"{&quot;cards_columns&quot;:&quot;2&quot;,&quot;cards_columns_tablet&quot;:&quot;2&quot;,&quot;cards_columns_mobile&quot;:&quot;1&quot;,&quot;cards_row_gap&quot;:{&quot;unit&quot;:&quot;px&quot;,&quot;size&quot;:35,&quot;sizes&quot;:[]},&quot;cards_row_gap_tablet&quot;:{&quot;unit&quot;:&quot;px&quot;,&quot;size&quot;:&quot;&quot;,&quot;sizes&quot;:[]},&quot;cards_row_gap_mobile&quot;:{&quot;unit&quot;:&quot;px&quot;,&quot;size&quot;:&quot;&quot;,&quot;sizes&quot;:[]}}\" data-widget_type=\"posts.cards\">\n\t\t\t\t<div class=\"elementor-widget-container\">\n\t\t\t\t\t\t\t<div class=\"elementor-posts-container elementor-posts elementor-posts--skin-cards elementor-grid\">\n\t\t\t\t<article class=\"elementor-post elementor-grid-item post-3632 _equipe type-_equipe status-publish has-post-thumbnail hentry\">\n\t\t\t<div class=\"elementor-post__card\">\n\t\t\t\t<a class=\"elementor-post__thumbnail__link\" href=\"https:\/\/radiocidadefmonline.com.br\/home\/_equipe\/jonathas-goncalves\/\" tabindex=\"-1\" ><div class=\"elementor-post__thumbnail\"><img loading=\"lazy\" decoding=\"async\" width=\"300\" height=\"300\" src=\"https:\/\/radiocidadefmonline.com.br\/home\/wp-content\/uploads\/jet-engine-forms\/7\/2025\/11\/Jonathas-Goncalves.webp\" class=\"attachment-medium size-medium wp-image-3631\" alt=\"\" srcset=\"https:\/\/radiocidadefmonline.com.br\/home\/wp-content\/uploads\/jet-engine-forms\/7\/2025\/11\/Jonathas-Goncalves.webp 300w, https:\/\/radiocidadefmonline.com.br\/home\/wp-content\/uploads\/jet-engine-forms\/7\/2025\/11\/Jonathas-Goncalves-150x150.webp 150w\" sizes=\"(max-width: 300px) 100vw, 300px\" \/><\/div><\/a>\n\t\t\t\t<div class=\"elementor-post__text\">\n\t\t\t\t<h3 class=\"elementor-post__title\">\n\t\t\t<a href=\"https:\/\/radiocidadefmonline.com.br\/home\/_equipe\/jonathas-goncalves\/\" >\n\t\t\t\tJonathas Gon\u00e7alves\t\t\t<\/a>\n\t\t<\/h3>\n\t\t\t\t<\/div>\n\t\t\t\t\t<\/div>\n\t\t<\/article>\n\t\t\t\t<article class=\"elementor-post elementor-grid-item post-3630 _equipe type-_equipe status-publish has-post-thumbnail hentry\">\n\t\t\t<div class=\"elementor-post__card\">\n\t\t\t\t<a class=\"elementor-post__thumbnail__link\" href=\"https:\/\/radiocidadefmonline.com.br\/home\/_equipe\/andre-colate\/\" tabindex=\"-1\" ><div class=\"elementor-post__thumbnail\"><img loading=\"lazy\" decoding=\"async\" width=\"300\" height=\"300\" src=\"https:\/\/radiocidadefmonline.com.br\/home\/wp-content\/uploads\/jet-engine-forms\/7\/2025\/11\/Andre-Colate.webp\" class=\"attachment-medium size-medium wp-image-3629\" alt=\"\" srcset=\"https:\/\/radiocidadefmonline.com.br\/home\/wp-content\/uploads\/jet-engine-forms\/7\/2025\/11\/Andre-Colate.webp 300w, https:\/\/radiocidadefmonline.com.br\/home\/wp-content\/uploads\/jet-engine-forms\/7\/2025\/11\/Andre-Colate-150x150.webp 150w\" sizes=\"(max-width: 300px) 100vw, 300px\" \/><\/div><\/a>\n\t\t\t\t<div class=\"elementor-post__text\">\n\t\t\t\t<h3 class=\"elementor-post__title\">\n\t\t\t<a href=\"https:\/\/radiocidadefmonline.com.br\/home\/_equipe\/andre-colate\/\" >\n\t\t\t\tAndre Colate\t\t\t<\/a>\n\t\t<\/h3>\n\t\t\t\t<\/div>\n\t\t\t\t\t<\/div>\n\t\t<\/article>\n\t\t\t\t<article class=\"elementor-post elementor-grid-item post-3628 _equipe type-_equipe status-publish has-post-thumbnail hentry\">\n\t\t\t<div class=\"elementor-post__card\">\n\t\t\t\t<a class=\"elementor-post__thumbnail__link\" href=\"https:\/\/radiocidadefmonline.com.br\/home\/_equipe\/junior-pinheiro\/\" tabindex=\"-1\" ><div class=\"elementor-post__thumbnail\"><img loading=\"lazy\" decoding=\"async\" width=\"300\" height=\"300\" src=\"https:\/\/radiocidadefmonline.com.br\/home\/wp-content\/uploads\/jet-engine-forms\/7\/2025\/11\/junior-pinheiro.webp\" class=\"attachment-medium size-medium wp-image-3627\" alt=\"\" srcset=\"https:\/\/radiocidadefmonline.com.br\/home\/wp-content\/uploads\/jet-engine-forms\/7\/2025\/11\/junior-pinheiro.webp 300w, https:\/\/radiocidadefmonline.com.br\/home\/wp-content\/uploads\/jet-engine-forms\/7\/2025\/11\/junior-pinheiro-150x150.webp 150w\" sizes=\"(max-width: 300px) 100vw, 300px\" \/><\/div><\/a>\n\t\t\t\t<div class=\"elementor-post__text\">\n\t\t\t\t<h3 class=\"elementor-post__title\">\n\t\t\t<a href=\"https:\/\/radiocidadefmonline.com.br\/home\/_equipe\/junior-pinheiro\/\" >\n\t\t\t\tJunior Pinheiro\t\t\t<\/a>\n\t\t<\/h3>\n\t\t\t\t<\/div>\n\t\t\t\t\t<\/div>\n\t\t<\/article>\n\t\t\t\t<article class=\"elementor-post elementor-grid-item post-3626 _equipe type-_equipe status-publish has-post-thumbnail hentry\">\n\t\t\t<div class=\"elementor-post__card\">\n\t\t\t\t<a class=\"elementor-post__thumbnail__link\" href=\"https:\/\/radiocidadefmonline.com.br\/home\/_equipe\/aline-motta\/\" tabindex=\"-1\" ><div class=\"elementor-post__thumbnail\"><img loading=\"lazy\" decoding=\"async\" width=\"300\" height=\"300\" src=\"https:\/\/radiocidadefmonline.com.br\/home\/wp-content\/uploads\/jet-engine-forms\/7\/2025\/11\/alinemotta.webp\" class=\"attachment-medium size-medium wp-image-3625\" alt=\"\" srcset=\"https:\/\/radiocidadefmonline.com.br\/home\/wp-content\/uploads\/jet-engine-forms\/7\/2025\/11\/alinemotta.webp 300w, https:\/\/radiocidadefmonline.com.br\/home\/wp-content\/uploads\/jet-engine-forms\/7\/2025\/11\/alinemotta-150x150.webp 150w\" sizes=\"(max-width: 300px) 100vw, 300px\" \/><\/div><\/a>\n\t\t\t\t<div class=\"elementor-post__text\">\n\t\t\t\t<h3 class=\"elementor-post__title\">\n\t\t\t<a href=\"https:\/\/radiocidadefmonline.com.br\/home\/_equipe\/aline-motta\/\" >\n\t\t\t\tAline Motta\t\t\t<\/a>\n\t\t<\/h3>\n\t\t\t\t<\/div>\n\t\t\t\t\t<\/div>\n\t\t<\/article>\n\t\t\t\t<article class=\"elementor-post elementor-grid-item post-3624 _equipe type-_equipe status-publish has-post-thumbnail hentry\">\n\t\t\t<div class=\"elementor-post__card\">\n\t\t\t\t<a class=\"elementor-post__thumbnail__link\" href=\"https:\/\/radiocidadefmonline.com.br\/home\/_equipe\/eduardo-furnalo\/\" tabindex=\"-1\" ><div class=\"elementor-post__thumbnail\"><img loading=\"lazy\" decoding=\"async\" width=\"300\" height=\"300\" src=\"https:\/\/radiocidadefmonline.com.br\/home\/wp-content\/uploads\/jet-engine-forms\/7\/2025\/11\/dani.webp\" class=\"attachment-medium size-medium wp-image-3623\" alt=\"\" srcset=\"https:\/\/radiocidadefmonline.com.br\/home\/wp-content\/uploads\/jet-engine-forms\/7\/2025\/11\/dani.webp 300w, https:\/\/radiocidadefmonline.com.br\/home\/wp-content\/uploads\/jet-engine-forms\/7\/2025\/11\/dani-150x150.webp 150w\" sizes=\"(max-width: 300px) 100vw, 300px\" \/><\/div><\/a>\n\t\t\t\t<div class=\"elementor-post__text\">\n\t\t\t\t<h3 class=\"elementor-post__title\">\n\t\t\t<a href=\"https:\/\/radiocidadefmonline.com.br\/home\/_equipe\/eduardo-furnalo\/\" >\n\t\t\t\tEduardo Furnalo\t\t\t<\/a>\n\t\t<\/h3>\n\t\t\t\t<\/div>\n\t\t\t\t\t<\/div>\n\t\t<\/article>\n\t\t\t\t<article class=\"elementor-post elementor-grid-item post-3622 _equipe type-_equipe status-publish has-post-thumbnail hentry\">\n\t\t\t<div class=\"elementor-post__card\">\n\t\t\t\t<a class=\"elementor-post__thumbnail__link\" href=\"https:\/\/radiocidadefmonline.com.br\/home\/_equipe\/carlinhos-lima\/\" tabindex=\"-1\" ><div class=\"elementor-post__thumbnail\"><img loading=\"lazy\" decoding=\"async\" width=\"300\" height=\"300\" src=\"https:\/\/radiocidadefmonline.com.br\/home\/wp-content\/uploads\/jet-engine-forms\/7\/2025\/11\/CARLINHOS-LIMA-e1719919113501.webp\" class=\"attachment-medium size-medium wp-image-3621\" alt=\"\" srcset=\"https:\/\/radiocidadefmonline.com.br\/home\/wp-content\/uploads\/jet-engine-forms\/7\/2025\/11\/CARLINHOS-LIMA-e1719919113501.webp 300w, https:\/\/radiocidadefmonline.com.br\/home\/wp-content\/uploads\/jet-engine-forms\/7\/2025\/11\/CARLINHOS-LIMA-e1719919113501-150x150.webp 150w\" sizes=\"(max-width: 300px) 100vw, 300px\" \/><\/div><\/a>\n\t\t\t\t<div class=\"elementor-post__text\">\n\t\t\t\t<h3 class=\"elementor-post__title\">\n\t\t\t<a href=\"https:\/\/radiocidadefmonline.com.br\/home\/_equipe\/carlinhos-lima\/\" >\n\t\t\t\tCarlinhos Lima\t\t\t<\/a>\n\t\t<\/h3>\n\t\t\t\t<\/div>\n\t\t\t\t\t<\/div>\n\t\t<\/article>\n\t\t\t\t<\/div>\n\t\t\n\t\t\t\t\t\t<\/div>\n\t\t\t\t<\/div>\n\t\t\t\t<\/div>\n\t\t\t\t<\/div>\n\t\t\t\t<\/div>\n\t\t","protected":false},"excerpt":{"rendered":"<p>Facebook Twitter Youtube Whatsapp Leia Mais<\/p>\n","protected":false},"author":7,"featured_media":0,"parent":0,"menu_order":0,"comment_status":"closed","ping_status":"closed","template":"elementor_header_footer","meta":{"footnotes":""},"class_list":["post-34","page","type-page","status-publish","hentry"],"_links":{"self":[{"href":"https:\/\/radiocidadefmonline.com.br\/home\/wp-json\/wp\/v2\/pages\/34","targetHints":{"allow":["GET"]}}],"collection":[{"href":"https:\/\/radiocidadefmonline.com.br\/home\/wp-json\/wp\/v2\/pages"}],"about":[{"href":"https:\/\/radiocidadefmonline.com.br\/home\/wp-json\/wp\/v2\/types\/page"}],"author":[{"embeddable":true,"href":"https:\/\/radiocidadefmonline.com.br\/home\/wp-json\/wp\/v2\/users\/7"}],"replies":[{"embeddable":true,"href":"https:\/\/radiocidadefmonline.com.br\/home\/wp-json\/wp\/v2\/comments?post=34"}],"version-history":[{"count":62,"href":"https:\/\/radiocidadefmonline.com.br\/home\/wp-json\/wp\/v2\/pages\/34\/revisions"}],"predecessor-version":[{"id":2797,"href":"https:\/\/radiocidadefmonline.com.br\/home\/wp-json\/wp\/v2\/pages\/34\/revisions\/2797"}],"wp:attachment":[{"href":"https:\/\/radiocidadefmonline.com.br\/home\/wp-json\/wp\/v2\/media?parent=34"}],"curies":[{"name":"wp","href":"https:\/\/api.w.org\/{rel}","templated":true}]}}